{"id":29469,"date":"2025-02-05T20:53:06","date_gmt":"2025-02-06T03:53:06","guid":{"rendered":"https:\/\/coraliemonpontet.com\/?page_id=29469"},"modified":"2026-04-11T09:59:57","modified_gmt":"2026-04-11T15:59:57","slug":"services","status":"publish","type":"page","link":"https:\/\/coraliemonpontet.com\/en\/services\/","title":{"rendered":"SERVICES"},"content":{"rendered":"<div class=\"et_pb_section_0 et_pb_section et_section_regular et_block_section\">\n<div class=\"et_pb_row_0 et_pb_row et_block_row\">\n<div class=\"et_pb_column_0 et_pb_column et_pb_column_4_4 et-last-child et_block_column et_pb_css_mix_blend_mode_passthrough\">\n<div class=\"et_pb_menu_0 et_pb_menu et_pb_menu--without-logo et_pb_menu--style-centered et_dropdown_animation_fade et_pb_bg_layout_light et_pb_text_align_right-tablet et_pb_text_align_right-phone et_pb_module et_flex_module\"><div class=\"et_pb_menu_inner_container et_flex_module\"><div class=\"et_pb_menu__wrap\"><div class=\"et_pb_menu__menu\"><nav class=\"et-menu-nav\"><ul id=\"menu-french-menu\" class=\"et-menu nav downwards\"><li id=\"menu-item-29871\" class=\"et_pb_menu_page_id-home menu-item menu-item-type-post_type menu-item-object-page menu-item-home menu-item-29871\"><a href=\"https:\/\/coraliemonpontet.com\/en\/\">HOME<\/a><\/li>\n<li id=\"menu-item-28830\" class=\"et_pb_menu_page_id-39 menu-item menu-item-type-post_type menu-item-object-page menu-item-28830\"><a href=\"https:\/\/coraliemonpontet.com\/en\/galerie\/\">GALLERY<\/a><\/li>\n<li id=\"menu-item-29994\" class=\"et_pb_menu_page_id-29752 menu-item menu-item-type-post_type menu-item-object-page menu-item-29994\"><a href=\"https:\/\/coraliemonpontet.com\/en\/portfolio\/\">PORTFOLIO<\/a><\/li>\n<li id=\"menu-item-29866\" class=\"et_pb_menu_page_id-29469 menu-item menu-item-type-post_type menu-item-object-page menu-item-29866\"><a href=\"https:\/\/coraliemonpontet.com\/en\/services\/\">SERVICES<\/a><\/li>\n<li id=\"menu-item-28827\" class=\"et_pb_menu_page_id-45 menu-item menu-item-type-post_type menu-item-object-page menu-item-28827\"><a href=\"https:\/\/coraliemonpontet.com\/en\/contact\/\">CONTACT<\/a><\/li>\n<\/ul><\/nav><\/div><div class=\"et_mobile_nav_menu\"><div class=\"mobile_nav closed\"><span class=\"mobile_menu_bar\"><\/span><\/div><\/div><\/div><\/div><\/div>\n<\/div>\n<\/div>\n<\/div>\n\n<div class=\"et_pb_section_1 et_pb_section et_section_regular et_block_section\">\n<div class=\"et_pb_row_1 et_pb_row et_block_row\">\n<div class=\"et_pb_column_1 et_pb_column et_pb_column_4_4 et-last-child et_block_column et_pb_css_mix_blend_mode_passthrough\">\n<div class=\"et_pb_text_0 et_pb_text et_pb_bg_layout_light et_animated et_pb_module et_block_module\"><div class=\"et_pb_text_inner\"><h1 style=\"text-align: center;\"><img decoding=\"async\" data-src=\"https:\/\/coraliemonpontet.com\/wp-content\/uploads\/2024\/12\/feuille-icone-site-300x169.png\" width=\"126\" height=\"71\" alt=\"\" class=\"wp-image-29196 alignnone size-medium lazyload\" src=\"data:image\/svg+xml;base64,PHN2ZyB3aWR0aD0iMSIgaGVpZ2h0PSIxIiB4bWxucz0iaHR0cDovL3d3dy53My5vcmcvMjAwMC9zdmciPjwvc3ZnPg==\" style=\"--smush-placeholder-width: 126px; --smush-placeholder-aspect-ratio: 126\/71;\" \/><\/h1>\n<h1 style=\"text-align: center;\">My offers<\/h1>\n<\/div><\/div>\n<\/div>\n<\/div>\n<\/div>\n\n<div class=\"et_pb_section_2 et_pb_section et_section_regular et_block_section\">\n<div class=\"et_pb_row_2 et_pb_row et_pb_gutters2 et_block_row\">\n<div class=\"et_pb_column_2 et_pb_column et_pb_column_1_3 et_block_column et_pb_css_mix_blend_mode_passthrough\">\n<div class=\"et_pb_text_1 et_pb_text et_pb_bg_layout_light et_pb_module et_block_module\"><div class=\"et_pb_text_inner\"><h2 style=\"text-align: center;\">Branding<\/h2>\n<p style=\"text-align: center;\">Cr\u00e9ation d'une identit\u00e9 visuelle align\u00e9e \u00e0 votre \u00e9nergie et votre activit\u00e9.<\/p>\n<\/div><\/div>\n<\/div>\n\n<div class=\"et_pb_column_3 et_pb_column et_pb_column_1_3 et_block_column et_pb_css_mix_blend_mode_passthrough\">\n<div class=\"et_pb_text_2 et_pb_text et_pb_bg_layout_light et_pb_module et_block_module\"><div class=\"et_pb_text_inner\"><h2 style=\"text-align: center;\">Web design<\/h2>\n<p style=\"text-align: center;\">Conception d'un site internet pour apporter rayonnement et \u00e9volution \u00e0 votre activit\u00e9.<\/p>\n<\/div><\/div>\n<\/div>\n\n<div class=\"et_pb_column_4 et_pb_column et_pb_column_1_3 et-last-child et_block_column et_pb_css_mix_blend_mode_passthrough\">\n<div class=\"et_pb_text_3 et_pb_text et_pb_bg_layout_light et_pb_module et_block_module\"><div class=\"et_pb_text_inner\"><h2 style=\"text-align: center;\">Illustration<\/h2>\n<p style=\"text-align: center;\">I create illustrations for your professional or personal wishes.<\/p>\n<\/div><\/div>\n<\/div>\n<\/div>\n<\/div>\n\n<div class=\"et_pb_section_3 et_pb_section et_section_regular et_block_section\">\n<div class=\"et_pb_row_3 et_pb_row et_pb_row_1-2_1-4_1-4 et_pb_gutters2 et_block_row et_block_row_1-2_1-4_1-4\">\n<div class=\"et_pb_column_5 et_pb_column et_pb_column_1_2 et_block_column et_pb_css_mix_blend_mode_passthrough\">\n<div class=\"et_pb_text_4 et_pb_text et_pb_bg_layout_light et_pb_module et_block_module\"><div class=\"et_pb_text_inner\"><h2>Branding<\/h2>\n<p>C'est ce qui te permet d'avoir une coh\u00e9rence visuelle sur tous tes supports de communication. Ainsi ta client\u00e8le te reconna\u00eet, te trouve, se connecte \u00e0 toi, ta personnalit\u00e9 et ce que tu offres.<\/p>\n<\/div><\/div>\n<\/div>\n\n<div class=\"et_pb_column_6 et_pb_column et_pb_column_1_4 et_block_column et_pb_css_mix_blend_mode_passthrough\">\n<div class=\"et_pb_text_5 et_pb_text et_pb_bg_layout_light et_pb_module et_block_module\"><div class=\"et_pb_text_inner\"><h2 style=\"text-align: center;\"><strong><\/strong><\/h2>\n<h2 style=\"text-align: center;\"><strong>Launch<\/strong><\/h2>\n<h1 style=\"text-align: center;\">1125 $ca<\/h1>\n<p style=\"text-align: center;\">__________<\/p>\n<p style=\"text-align: left;\"><strong>Includes :<\/strong><\/p>\n<ul style=\"text-align: left;\">\n<li>One <strong>brand<\/strong> strategy<\/li>\n<li><strong>One<\/strong> logo concept<\/li>\n<li>One<strong> small palette<\/strong> of colors (2-3)<\/li>\n<li>A mail signature<\/li>\n<li>A business card template<\/li>\n<li>A mini brand guide .pdf<\/li>\n<li>2 s\u00e9ries d'affinement<\/li>\n<\/ul>\n<p style=\"text-align: left;\"><strong>Duration :<\/strong> 2-4 weeks<\/p>\n<\/div><\/div>\n<\/div>\n\n<div class=\"et_pb_column_7 et_pb_column et_pb_column_1_4 et-last-child et_block_column et_pb_css_mix_blend_mode_passthrough\">\n<div class=\"et_pb_text_6 et_pb_text et_pb_bg_layout_light et_pb_module et_block_module\"><div class=\"et_pb_text_inner\"><h2 style=\"text-align: center;\"><\/h2>\n<h2 style=\"text-align: center;\">Comet<\/h2>\n<h1 style=\"text-align: center;\">1935 $ca<\/h1>\n<p style=\"text-align: center;\">__________<\/p>\n<p style=\"text-align: left;\"><strong>Includes :<\/strong><\/p>\n<ul style=\"text-align: left;\">\n<li>One <strong>brand<\/strong> strategy\u00a0<\/li>\n<li><strong>3<\/strong> logo concepts<\/li>\n<li>One<strong> palette<\/strong> of colors complete (3-5 colors)<\/li>\n<li>A pack of 5 small illustrations or a pattern<\/li>\n<li>A graphic charter<\/li>\n<li>A complete brand guide .pdf<\/li>\n<li>3 s\u00e9ries d'affinement<\/li>\n<\/ul>\n<p><strong>And also :<\/strong><\/p>\n<ul style=\"text-align: left;\">\n<li>A mail signature<\/li>\n<li>2 print templates of your choice<\/li>\n<\/ul>\n<p style=\"text-align: left;\"><strong>Duration :<\/strong> 2-4 weeks<\/p>\n<\/div><\/div>\n<\/div>\n<\/div>\n\n<div class=\"et_pb_row_4 et_pb_row et_pb_gutters2 et_block_row\">\n<div class=\"et_pb_column_8 et_pb_column et_pb_column_1_2 et_block_column et_pb_css_mix_blend_mode_passthrough\">\n<div class=\"et_pb_text_7 et_pb_text et_pb_bg_layout_light et_pb_module et_block_module\"><div class=\"et_pb_text_inner\"><h1>\u00c0 la carte<\/h1>\n<\/div><\/div>\n\n<div class=\"et_pb_text_8 et_pb_text et_pb_bg_layout_light et_pb_module et_block_module\"><div class=\"et_pb_text_inner\"><h2 style=\"text-align: center;\"><strong><br \/>New 2026<\/strong><\/h2>\n<h2 style=\"text-align: center;\"><strong>Creative companion<\/strong><\/h2>\n<h1 style=\"text-align: center;\">80$ca \/ hour<\/h1>\n<p style=\"text-align: center;\">To have an expert eye reviewing your visual creations<\/p>\n<p style=\"text-align: center;\">Tu aimes cr\u00e9er tes propres visuels de communication mais tu as besoin d'un regard ext\u00e9rieur pour t'apporter des conseils constructifs qui viendront peaufiner et perfectionner ton travail ? Je t'apporte mon exp\u00e9rience et ma bienveillance.<\/p>\n<p style=\"text-align: left;\">\n<\/div><\/div>\n<\/div>\n\n<div class=\"et_pb_column_9 et_pb_column et_pb_column_1_2 et-last-child et_block_column et_pb_css_mix_blend_mode_passthrough\">\n<div class=\"et_pb_text_9 et_pb_text et_pb_bg_layout_light et_pb_module et_block_module\"><div class=\"et_pb_text_inner\"><h2 style=\"text-align: center;\"><strong><\/strong><\/h2>\n<h2 style=\"text-align: center;\"><strong>Logo design<\/strong><\/h2>\n<h1 style=\"text-align: center;\">790$ ca<\/h1>\n<p style=\"text-align: center;\">Illustrated tailored logo<\/p>\n<p style=\"text-align: center;\">__________<\/p>\n<p style=\"text-align: left;\"><strong>Includes :<\/strong><\/p>\n<ul style=\"text-align: left;\">\n<li>One logo concept<\/li>\n<li>Logo as an small illustration<\/li>\n<li>Logo au format \"filigrane\" d\u00e9clin\u00e9 dans plusieurs couleurs<\/li>\n<li>Files .png and .jpeg<\/li>\n<\/ul>\n<p style=\"text-align: left;\"><strong>Duration :<\/strong> 1-2 weeks<\/p>\n<\/div><\/div>\n<\/div>\n<\/div>\n<\/div>\n\n<div class=\"et_pb_section_4 et_pb_section et_section_regular et_block_section\">\n<div class=\"et_pb_row_5 et_pb_row et_pb_gutters2 et_block_row\">\n<div class=\"et_pb_column_10 et_pb_column et_pb_column_1_3 et_block_column et_pb_css_mix_blend_mode_passthrough\">\n<div class=\"et_pb_text_10 et_pb_text et_pb_bg_layout_light et_pb_module et_block_module\"><div class=\"et_pb_text_inner\"><h2>Web Design<\/h2>\n<p>Je suis en train de revoir mes packages pour une offre plus compl\u00e8te et align\u00e9e \u00e0 vos besoins r\u00e9els.<\/p>\n<p>Envie de travailler avec moi ? <br \/>Write to me at <strong><a href=\"mailto:contact@coraliemonpontet.com\">contact@coraliemonpontet.com<\/a><br \/><\/strong>ou r\u00e9serve <a href=\"https:\/\/calendly.com\/coralie__illustrations\/30min\"><strong>un appel d\u00e9couverte gratuit<\/strong><\/a><\/p>\n<\/div><\/div>\n<\/div>\n\n<div class=\"et_pb_column_11 et_pb_column et_pb_column_1_3 et_block_column et_pb_column_empty et_pb_css_mix_blend_mode_passthrough\"><\/div>\n\n<div class=\"et_pb_column_12 et_pb_column et_pb_column_1_3 et-last-child et_block_column et_pb_column_empty et_pb_css_mix_blend_mode_passthrough\"><\/div>\n<\/div>\n<\/div>\n\n<div class=\"et_pb_section_5 et_pb_section et_section_regular et_block_section\">\n<div class=\"et_pb_row_6 et_pb_row et_block_row\">\n<div class=\"et_pb_column_13 et_pb_column et_pb_column_1_2 et_block_column et_pb_css_mix_blend_mode_passthrough\">\n<div class=\"et_pb_image_0 et_pb_image et_pb_module et_block_module\"><span class=\"et_pb_image_wrap\"><img decoding=\"async\" data-src=\"https:\/\/coraliemonpontet.com\/wp-content\/uploads\/2025\/05\/coraliemonpontet_thegardenwithin_image1.png\" width=\"1120\" height=\"1425\" data-srcset=\"https:\/\/coraliemonpontet.com\/wp-content\/uploads\/2025\/05\/coraliemonpontet_thegardenwithin_image1.png 1120w, https:\/\/coraliemonpontet.com\/wp-content\/uploads\/2025\/05\/coraliemonpontet_thegardenwithin_image1-980x1247.png 980w, https:\/\/coraliemonpontet.com\/wp-content\/uploads\/2025\/05\/coraliemonpontet_thegardenwithin_image1-480x611.png 480w\" data-sizes=\"(min-width: 0px) and (max-width: 480px) 480px, (min-width: 481px) and (max-width: 980px) 980px, (min-width: 981px) 1120px, 100vw\" class=\"wp-image-29724 lazyload\" title=\"coraliemonpontet_thegardenwithin_image1\" src=\"data:image\/svg+xml;base64,PHN2ZyB3aWR0aD0iMSIgaGVpZ2h0PSIxIiB4bWxucz0iaHR0cDovL3d3dy53My5vcmcvMjAwMC9zdmciPjwvc3ZnPg==\" style=\"--smush-placeholder-width: 1120px; --smush-placeholder-aspect-ratio: 1120\/1425;\" \/><\/span><\/div>\n<\/div>\n\n<div class=\"et_pb_column_14 et_pb_column et_pb_column_1_2 et-last-child et_block_column et_pb_css_mix_blend_mode_passthrough\">\n<div class=\"et_pb_text_11 et_pb_text et_pb_bg_layout_light et_pb_module et_block_module\"><div class=\"et_pb_text_inner\"><h1 style=\"text-align: center;\">Alchemy Illustration<\/h1>\n<p>Je cr\u00e9e une illustration personnalis\u00e9e pour capturer l'essence d'une exp\u00e9rience, d'un mouvement int\u00e9rieur en toi.<\/p>\n<p>Exemples d'exp\u00e9riences : ta connexion avec ta famille, ta connexion avec un animal, ta connexion avec un lieu, ton lien \u00e0 la nature, la repr\u00e9sentation de ce qui t'est paisible, une exp\u00e9rience de retraite.<\/p>\n<h3>How does it work ?<\/h3>\n<p>1. On \u00e9change via zoom sur ce que tu souhaites mettre en image. C'est l'occasion de se rencontrer et pour moi de sentir qui tu es et la subtilit\u00e9 de ce qui se passe pour toi.<\/p>\n<p>2. Apr\u00e8s le versement d'un acompte, le projet peut commencer.<\/p>\n<p>3. I develop an illustration.<\/p>\n<p>4. You validate, with one or two modifications.<\/p>\n<p>5. Je t'envoie l'illustration au format digital avec licence d'utilisation. Tu peux choisir de l'imprimer de ton c\u00f4t\u00e9 ou je peux la faire imprimer et te l'envoyer.<\/p>\n<p><strong>Tarif : 250\u20ac + Licence d'utilisation<\/strong><\/p>\n<p>&nbsp;<\/p>\n<\/div><\/div>\n<\/div>\n<\/div>\n<\/div>\n\n<div class=\"et_pb_section_6 et_pb_section et_section_regular et_block_section\">\n<div class=\"et_pb_row_7 et_pb_row et_block_row\">\n<div class=\"et_pb_column_15 et_pb_column et_pb_column_4_4 et-last-child et_block_column et_pb_css_mix_blend_mode_passthrough\">\n<div class=\"et_pb_text_12 et_pb_text et_pb_bg_layout_light et_pb_module et_block_module\"><div class=\"et_pb_text_inner\"><p style=\"text-align: center;\">Write to me at <a href=\"mailto:contact@coraliemonpontet.com\">contact@coraliemonpontet.com<\/a> or <br \/>book a <a href=\"https:\/\/calendly.com\/coralie__illustrations\/30min\"><strong>free discovery call<\/strong><\/a>.<\/p>\n<\/div><\/div>\n<\/div>\n<\/div>\n<\/div>\n\n<div class=\"et_pb_section_7 et_pb_section et_section_regular et_block_section section_has_divider et_pb_top_divider\"><div class=\"et_pb_top_inside_divider et-no-transition\"><\/div>\n<div class=\"et_pb_row_8 et_pb_row et_block_row\">\n<div class=\"et_pb_column_16 et_pb_column et_pb_column_1_2 et_block_column et_pb_css_mix_blend_mode_passthrough\">\n<div class=\"et_pb_text_13 et_pb_text et_pb_bg_layout_light et_pb_module et_block_module\"><div class=\"et_pb_text_inner\"><h2 style=\"text-align: left;\"><img decoding=\"async\" data-src=\"https:\/\/coraliemonpontet.com\/wp-content\/uploads\/2024\/12\/papillon.png\" width=\"88\" height=\"87\" alt=\"\" class=\"wp-image-29226 alignnone size-full lazyload\" data-srcset=\"https:\/\/coraliemonpontet.com\/wp-content\/uploads\/2024\/12\/papillon.png 263w, https:\/\/coraliemonpontet.com\/wp-content\/uploads\/2024\/12\/papillon-100x100.png 100w, https:\/\/coraliemonpontet.com\/wp-content\/uploads\/2024\/12\/papillon-150x150.png 150w\" data-sizes=\"(max-width: 88px) 100vw, 88px\" src=\"data:image\/svg+xml;base64,PHN2ZyB3aWR0aD0iMSIgaGVpZ2h0PSIxIiB4bWxucz0iaHR0cDovL3d3dy53My5vcmcvMjAwMC9zdmciPjwvc3ZnPg==\" style=\"--smush-placeholder-width: 88px; --smush-placeholder-aspect-ratio: 88\/87;\" \/><\/h2>\n<h2 style=\"text-align: center;\">Creative Workshop<\/h2>\n<p style=\"text-align: left;\">I create and facilitate a creative workshop in your home or the place of your choice.<\/p>\n<p style=\"text-align: left;\">Natural dye, sketching, painting, I share with you tips and passion in sweet and warm atmosphere to create a special moment for your friends, loved ones or team.<\/p>\n<p style=\"text-align: left;\">I am available in Edmonton, Barrhead and around. The workshops can be led in french or in english.\u00a0<\/p>\n<\/div><\/div>\n\n<div class=\"et_pb_text_14 et_pb_text et_pb_bg_layout_light et_pb_module et_block_module\"><div class=\"et_pb_text_inner\"><p style=\"text-align: center;\">Vous pouvez, soit m'\u00e9crire \u00e0 <strong><a href=\"mailto:contact@coraliemonpontet.com\">contact@coraliemonpontet.com<\/a> <\/strong>or,<br \/>book a free call<strong> <a href=\"https:\/\/calendly.com\/coralie__illustrations\/30min\">here<\/a><\/strong>.<\/p>\n<\/div><\/div>\n<\/div>\n\n<div class=\"et_pb_column_17 et_pb_column et_pb_column_1_2 et-last-child et_block_column et_pb_css_mix_blend_mode_passthrough\">\n<div class=\"et_pb_image_1 et_pb_image et_pb_module et_block_module\"><span class=\"et_pb_image_wrap\"><img decoding=\"async\" data-src=\"https:\/\/coraliemonpontet.com\/wp-content\/uploads\/2025\/08\/coralie-sauvage-teinture-naturelle-nancy-atelier-1-06-19-element-r.png\" width=\"1200\" height=\"1600\" data-srcset=\"https:\/\/coraliemonpontet.com\/wp-content\/uploads\/2025\/08\/coralie-sauvage-teinture-naturelle-nancy-atelier-1-06-19-element-r.png 1200w, https:\/\/coraliemonpontet.com\/wp-content\/uploads\/2025\/08\/coralie-sauvage-teinture-naturelle-nancy-atelier-1-06-19-element-r-980x1307.png 980w, https:\/\/coraliemonpontet.com\/wp-content\/uploads\/2025\/08\/coralie-sauvage-teinture-naturelle-nancy-atelier-1-06-19-element-r-480x640.png 480w\" data-sizes=\"(min-width: 0px) and (max-width: 480px) 480px, (min-width: 481px) and (max-width: 980px) 980px, (min-width: 981px) 1200px, 100vw\" class=\"wp-image-29824 lazyload\" title=\"coralie sauvage teinture naturelle nancy atelier 1 06 19 element r\" src=\"data:image\/svg+xml;base64,PHN2ZyB3aWR0aD0iMSIgaGVpZ2h0PSIxIiB4bWxucz0iaHR0cDovL3d3dy53My5vcmcvMjAwMC9zdmciPjwvc3ZnPg==\" style=\"--smush-placeholder-width: 1200px; --smush-placeholder-aspect-ratio: 1200\/1600;\" \/><\/span><\/div>\n<\/div>\n<\/div>\n<\/div>\n\n<div class=\"et_pb_section_8 et_pb_section et_section_regular et_block_section\"><div class=\"et_pb_row_9 et_pb_row et_pb_gutters1 et_block_row\"><div class=\"et_pb_column_18 et_pb_column et_pb_column_1_3 et_block_column et_pb_column_empty et_pb_css_mix_blend_mode_passthrough\"><\/div><div class=\"et_pb_column_19 et_pb_column et_pb_column_1_3 et_block_column et_pb_css_mix_blend_mode_passthrough\"><div class=\"et_pb_text_15 et_pb_text et_pb_bg_layout_light et_pb_module et_block_module\"><div class=\"et_pb_text_inner\"><h2 style=\"text-align: center;\">A project ? A question ?<\/h2>\n<p style=\"text-align: center;\">Write to me at <strong>contact@coraliemonpontet.com<\/strong><\/p>\n<\/div><\/div><\/div><div class=\"et_pb_column_20 et_pb_column et_pb_column_1_3 et-last-child et_block_column et_pb_column_empty et_pb_css_mix_blend_mode_passthrough\"><\/div><\/div><\/div>\n\n<div class=\"et_pb_section_9 et_pb_section et_section_regular et_block_section\">\n<div class=\"et_pb_row_10 et_pb_row et_block_row\">\n<div class=\"et_pb_column_21 et_pb_column et_pb_column_4_4 et-last-child et_block_column et_pb_css_mix_blend_mode_passthrough\">\n<div class=\"et_pb_text_16 et_pb_text et_pb_bg_layout_light et_pb_module et_block_module\"><div class=\"et_pb_text_inner\"><h4>MENTIONS L\u00c9GALES - POLITIQUE DE CONFIDENTIALIT\u00c9<\/h4>\n<\/div><\/div>\n<\/div>\n<\/div>\n<\/div>","protected":false},"excerpt":{"rendered":"","protected":false},"author":1,"featured_media":0,"parent":0,"menu_order":0,"comment_status":"closed","ping_status":"closed","template":"page-template-blank.php","meta":{"footnotes":""},"class_list":["post-29469","page","type-page","status-publish","hentry"],"jetpack_sharing_enabled":true,"_links":{"self":[{"href":"https:\/\/coraliemonpontet.com\/en\/wp-json\/wp\/v2\/pages\/29469","targetHints":{"allow":["GET"]}}],"collection":[{"href":"https:\/\/coraliemonpontet.com\/en\/wp-json\/wp\/v2\/pages"}],"about":[{"href":"https:\/\/coraliemonpontet.com\/en\/wp-json\/wp\/v2\/types\/page"}],"author":[{"embeddable":true,"href":"https:\/\/coraliemonpontet.com\/en\/wp-json\/wp\/v2\/users\/1"}],"replies":[{"embeddable":true,"href":"https:\/\/coraliemonpontet.com\/en\/wp-json\/wp\/v2\/comments?post=29469"}],"version-history":[{"count":53,"href":"https:\/\/coraliemonpontet.com\/en\/wp-json\/wp\/v2\/pages\/29469\/revisions"}],"predecessor-version":[{"id":30332,"href":"https:\/\/coraliemonpontet.com\/en\/wp-json\/wp\/v2\/pages\/29469\/revisions\/30332"}],"wp:attachment":[{"href":"https:\/\/coraliemonpontet.com\/en\/wp-json\/wp\/v2\/media?parent=29469"}],"curies":[{"name":"wp","href":"https:\/\/api.w.org\/{rel}","templated":true}]}}