{"id":29752,"date":"2025-05-13T18:52:20","date_gmt":"2025-05-14T00:52:20","guid":{"rendered":"https:\/\/coraliemonpontet.com\/?page_id=29752"},"modified":"2026-04-07T15:45:05","modified_gmt":"2026-04-07T21:45:05","slug":"portfolio","status":"publish","type":"page","link":"https:\/\/coraliemonpontet.com\/en\/portfolio\/","title":{"rendered":"PORTFOLIO"},"content":{"rendered":"<div class=\"et_pb_section_0 et_pb_section et_section_regular et_block_section\"><div class=\"et_pb_row_0 et_pb_row et_block_row\"><div class=\"et_pb_column_0 et_pb_column et_pb_column_4_4 et-last-child et_block_column et_pb_css_mix_blend_mode_passthrough\"><div class=\"et_pb_text_0 et_pb_text et_pb_bg_layout_light et_pb_module et_block_module\"><div class=\"et_pb_text_inner\"><h2 style=\"text-align: center;\">Portfolio<\/h2>\n<p style=\"text-align: center;\">Voici une s\u00e9lection de projets que j'ai r\u00e9alis\u00e9<\/p>\n<\/div><\/div><\/div><\/div><div class=\"et_pb_row_1 et_pb_row et_pb_gutters2 et_block_row\"><div class=\"et_pb_column_1 et_pb_column et_pb_column_4_4 et-last-child et_block_column et_pb_css_mix_blend_mode_passthrough\"><div class=\"et_pb_filterable_portfolio_0 et_pb_filterable_portfolio et_pb_bg_layout_light et_pb_portfolio et_pb_module\" data-posts-number=\"10\"><div class=\"et_pb_portfolio_filters clearfix\"><ul class=\"clearfix\"><li class=\"et_pb_portfolio_filter et_pb_portfolio_filter_all\"><a href=\"#\" class=\"active\" data-category-slug=\"all\">All<\/a><\/li><li class=\"et_pb_portfolio_filter\"><a href=\"#\" data-category-slug=\"edition\">Publishing<\/a><\/li><li class=\"et_pb_portfolio_filter\"><a href=\"#\" data-category-slug=\"graphisme\">Graphic design<\/a><\/li><li class=\"et_pb_portfolio_filter\"><a href=\"#\" data-category-slug=\"identite-visuelle\">Visual Identity<\/a><\/li><li class=\"et_pb_portfolio_filter\"><a href=\"#\" data-category-slug=\"illustration\">Illustration<\/a><\/li><li class=\"et_pb_portfolio_filter\"><a href=\"#\" data-category-slug=\"logo\">Logo design<\/a><\/li><li class=\"et_pb_portfolio_filter\"><a href=\"#\" data-category-slug=\"site-internet\">Webdesign<\/a><\/li><\/ul><\/div><div class=\"et_pb_portfolio_items_wrapper clearfix\"><div class=\"et_pb_portfolio_items et_pb_posts et_grid_module\"><div class=\"et_pb_filterable_portfolio_item_0_0 post-224 project type-project status-publish has-post-thumbnail hentry project_category-edition et_pb_portfolio_item project_category_edition\" id=\"224\"><a href=\"https:\/\/coraliemonpontet.com\/en\/project\/oracle-union-entre-ciel-et-terre\/\" title=\"ORACLE de l&rsquo;Union entre Ciel et Terre\"><span class=\"et_portfolio_image\"><img decoding=\"async\" data-src=\"https:\/\/coraliemonpontet.com\/wp-content\/uploads\/2024\/11\/oracle-de-lunion-entre-ciel-et-terre-coralie-monpontet-venusia-starchild-400x284.png\" alt=\"ORACLE de l&rsquo;Union entre Ciel et Terre\" width=\"400\" height=\"284\" src=\"data:image\/svg+xml;base64,PHN2ZyB3aWR0aD0iMSIgaGVpZ2h0PSIxIiB4bWxucz0iaHR0cDovL3d3dy53My5vcmcvMjAwMC9zdmciPjwvc3ZnPg==\" class=\"lazyload\" style=\"--smush-placeholder-width: 400px; --smush-placeholder-aspect-ratio: 400\/284;\" \/><span class=\"et_overlay et_pb_inline_icon\" data-icon=\"=\" data-icon-tablet=\"\" data-icon-phone=\"\" data-icon-sticky=\"\"><\/span><\/span><\/a><h2 class=\"et_pb_module_header\"><a href=\"https:\/\/coraliemonpontet.com\/en\/project\/oracle-union-entre-ciel-et-terre\/\" title=\"ORACLE de l&rsquo;Union entre Ciel et Terre\">Oralce of the Union between Sky and Earth<\/a><\/h2><\/div><div class=\"et_pb_filterable_portfolio_item_0_1 post-231 project type-project status-publish has-post-thumbnail hentry project_category-identite-visuelle project_category-logo project_category-site-internet et_pb_portfolio_item project_category_identite-visuelle project_category_logo project_category_site-internet\" id=\"231\"><a href=\"https:\/\/coraliemonpontet.com\/en\/project\/yoga-vers-soi\/\" title=\"CANDICE BEGON, Yoga teacher\"><span class=\"et_portfolio_image\"><img decoding=\"async\" data-src=\"https:\/\/coraliemonpontet.com\/wp-content\/uploads\/2017\/02\/carte-de-visite-yoga-candice@033x-400x284.png\" alt=\"CANDICE BEGON, Yoga vers Soi\" width=\"400\" height=\"284\" src=\"data:image\/svg+xml;base64,PHN2ZyB3aWR0aD0iMSIgaGVpZ2h0PSIxIiB4bWxucz0iaHR0cDovL3d3dy53My5vcmcvMjAwMC9zdmciPjwvc3ZnPg==\" class=\"lazyload\" style=\"--smush-placeholder-width: 400px; --smush-placeholder-aspect-ratio: 400\/284;\" \/><span class=\"et_overlay et_pb_inline_icon\" data-icon=\"=\" data-icon-tablet=\"\" data-icon-phone=\"\" data-icon-sticky=\"\"><\/span><\/span><\/a><h2 class=\"et_pb_module_header\"><a href=\"https:\/\/coraliemonpontet.com\/en\/project\/yoga-vers-soi\/\" title=\"CANDICE BEGON, Yoga teacher\">CANDICE BEGON, Yoga teacher<\/a><\/h2><\/div><div class=\"et_pb_filterable_portfolio_item_0_2 post-227 project type-project status-publish has-post-thumbnail hentry project_category-logo et_pb_portfolio_item project_category_logo\" id=\"227\"><a href=\"https:\/\/coraliemonpontet.com\/en\/project\/johanna-doula\/\" title=\"JOHANNA, Doula\"><span class=\"et_portfolio_image\"><img decoding=\"async\" data-src=\"https:\/\/coraliemonpontet.com\/wp-content\/uploads\/2017\/02\/johanna-doula-de-lhetre-logo-illustre@05x-400x284.png\" alt=\"JOHANNA, Doula\" width=\"400\" height=\"284\" src=\"data:image\/svg+xml;base64,PHN2ZyB3aWR0aD0iMSIgaGVpZ2h0PSIxIiB4bWxucz0iaHR0cDovL3d3dy53My5vcmcvMjAwMC9zdmciPjwvc3ZnPg==\" class=\"lazyload\" style=\"--smush-placeholder-width: 400px; --smush-placeholder-aspect-ratio: 400\/284;\" \/><span class=\"et_overlay et_pb_inline_icon\" data-icon=\"=\" data-icon-tablet=\"\" data-icon-phone=\"\" data-icon-sticky=\"\"><\/span><\/span><\/a><h2 class=\"et_pb_module_header\"><a href=\"https:\/\/coraliemonpontet.com\/en\/project\/johanna-doula\/\" title=\"JOHANNA, Doula\">JOHANNA, Doula<\/a><\/h2><\/div><div class=\"et_pb_filterable_portfolio_item_0_3 post-246 project type-project status-publish has-post-thumbnail hentry project_category-graphisme project_category-illustration et_pb_portfolio_item project_category_graphisme project_category_illustration\" id=\"246\"><a href=\"https:\/\/coraliemonpontet.com\/en\/project\/atelier-de-galatee-flyer\/\" title=\"L&rsquo;ATELIER DE GALAT\u00c9E, atelier itin\u00e9rant\"><span class=\"et_portfolio_image\"><img decoding=\"async\" data-src=\"https:\/\/coraliemonpontet.com\/wp-content\/uploads\/2025\/04\/flyer-atelier-de-galatee-illustration-graphisme-coralie-monpontet@05x-2-400x284.png\" alt=\"L&rsquo;ATELIER DE GALAT\u00c9E, atelier itin\u00e9rant\" width=\"400\" height=\"284\" src=\"data:image\/svg+xml;base64,PHN2ZyB3aWR0aD0iMSIgaGVpZ2h0PSIxIiB4bWxucz0iaHR0cDovL3d3dy53My5vcmcvMjAwMC9zdmciPjwvc3ZnPg==\" class=\"lazyload\" style=\"--smush-placeholder-width: 400px; --smush-placeholder-aspect-ratio: 400\/284;\" \/><span class=\"et_overlay et_pb_inline_icon\" data-icon=\"=\" data-icon-tablet=\"\" data-icon-phone=\"\" data-icon-sticky=\"\"><\/span><\/span><\/a><h2 class=\"et_pb_module_header\"><a href=\"https:\/\/coraliemonpontet.com\/en\/project\/atelier-de-galatee-flyer\/\" title=\"L&rsquo;ATELIER DE GALAT\u00c9E, atelier itin\u00e9rant\">L'ATELIER DE GALAT\u00c9E, traveling workshop<\/a><\/h2><\/div><div class=\"et_pb_filterable_portfolio_item_0_4 post-240 project type-project status-publish has-post-thumbnail hentry project_category-edition project_category-illustration et_pb_portfolio_item project_category_edition project_category_illustration\" id=\"240\"><a href=\"https:\/\/coraliemonpontet.com\/en\/project\/le-lotus-couverture\/\" title=\"LE LOTUS ET L&rsquo;\u00c9L\u00c9PHANT, Couverture\"><span class=\"et_portfolio_image\"><img decoding=\"async\" data-src=\"https:\/\/coraliemonpontet.com\/wp-content\/uploads\/2024\/09\/DSC1349-scaled-1-400x284.jpg\" alt=\"LE LOTUS ET L&rsquo;\u00c9L\u00c9PHANT, Couverture\" width=\"400\" height=\"284\" src=\"data:image\/svg+xml;base64,PHN2ZyB3aWR0aD0iMSIgaGVpZ2h0PSIxIiB4bWxucz0iaHR0cDovL3d3dy53My5vcmcvMjAwMC9zdmciPjwvc3ZnPg==\" class=\"lazyload\" style=\"--smush-placeholder-width: 400px; --smush-placeholder-aspect-ratio: 400\/284;\" \/><span class=\"et_overlay et_pb_inline_icon\" data-icon=\"=\" data-icon-tablet=\"\" data-icon-phone=\"\" data-icon-sticky=\"\"><\/span><\/span><\/a><h2 class=\"et_pb_module_header\"><a href=\"https:\/\/coraliemonpontet.com\/en\/project\/le-lotus-couverture\/\" title=\"LE LOTUS ET L&rsquo;\u00c9L\u00c9PHANT, Couverture\">LE LOTUS ET L'\u00c9L\u00c9PHANT, Book cover<\/a><\/h2><\/div><div class=\"et_pb_filterable_portfolio_item_0_5 post-243 project type-project status-publish has-post-thumbnail hentry project_category-graphisme project_category-logo et_pb_portfolio_item project_category_graphisme project_category_logo\" id=\"243\"><a href=\"https:\/\/coraliemonpontet.com\/en\/project\/maelanna-energetique\/\" title=\"MAELANNA, energy therapist\"><span class=\"et_portfolio_image\"><img decoding=\"async\" data-src=\"https:\/\/coraliemonpontet.com\/wp-content\/uploads\/2025\/09\/Capture-decran-2025-09-07-a-11.17.38-400x284.png\" alt=\"MAELENNA, \u00e9nerg\u00e9ticienne\" width=\"400\" height=\"284\" src=\"data:image\/svg+xml;base64,PHN2ZyB3aWR0aD0iMSIgaGVpZ2h0PSIxIiB4bWxucz0iaHR0cDovL3d3dy53My5vcmcvMjAwMC9zdmciPjwvc3ZnPg==\" class=\"lazyload\" style=\"--smush-placeholder-width: 400px; --smush-placeholder-aspect-ratio: 400\/284;\" \/><span class=\"et_overlay et_pb_inline_icon\" data-icon=\"=\" data-icon-tablet=\"\" data-icon-phone=\"\" data-icon-sticky=\"\"><\/span><\/span><\/a><h2 class=\"et_pb_module_header\"><a href=\"https:\/\/coraliemonpontet.com\/en\/project\/maelanna-energetique\/\" title=\"MAELANNA, energy therapist\">MAELANNA, energy therapist<\/a><\/h2><\/div><div class=\"et_pb_filterable_portfolio_item_0_6 post-237 project type-project status-publish has-post-thumbnail hentry project_category-graphisme project_category-identite-visuelle project_category-logo et_pb_portfolio_item project_category_graphisme project_category_identite-visuelle project_category_logo\" id=\"237\"><a href=\"https:\/\/coraliemonpontet.com\/en\/project\/mille-vins\/\" title=\"MILLE VINS, wine and spirits shop\"><span class=\"et_portfolio_image\"><img decoding=\"async\" data-src=\"https:\/\/coraliemonpontet.com\/wp-content\/uploads\/2025\/09\/Mille-Vins-Logo-Final-Coralie-Monpontet-4-400x284.png\" alt=\"MILLE VINS, boutique de vins et spiritueux\" width=\"400\" height=\"284\" src=\"data:image\/svg+xml;base64,PHN2ZyB3aWR0aD0iMSIgaGVpZ2h0PSIxIiB4bWxucz0iaHR0cDovL3d3dy53My5vcmcvMjAwMC9zdmciPjwvc3ZnPg==\" class=\"lazyload\" style=\"--smush-placeholder-width: 400px; --smush-placeholder-aspect-ratio: 400\/284;\" \/><span class=\"et_overlay et_pb_inline_icon\" data-icon=\"=\" data-icon-tablet=\"\" data-icon-phone=\"\" data-icon-sticky=\"\"><\/span><\/span><\/a><h2 class=\"et_pb_module_header\"><a href=\"https:\/\/coraliemonpontet.com\/en\/project\/mille-vins\/\" title=\"MILLE VINS, wine and spirits shop\">MILLE VINS, wine and spirits shop<\/a><\/h2><\/div><div class=\"et_pb_filterable_portfolio_item_0_7 post-234 project type-project status-publish has-post-thumbnail hentry project_category-graphisme project_category-identite-visuelle project_category-illustration project_category-logo project_category-site-internet et_pb_portfolio_item project_category_graphisme project_category_identite-visuelle project_category_illustration project_category_logo project_category_site-internet\" id=\"234\"><a href=\"https:\/\/coraliemonpontet.com\/en\/project\/ferme-de-layat\/\" title=\"FERME DE LAYAT, farm in agroecology\"><span class=\"et_portfolio_image\"><img decoding=\"async\" data-src=\"https:\/\/coraliemonpontet.com\/wp-content\/uploads\/2025\/09\/ferme-de-layat-logo-photo-400x284.png\" alt=\"FERME DE LAYAT, ferme agro \u00e9cologique\" width=\"400\" height=\"284\" src=\"data:image\/svg+xml;base64,PHN2ZyB3aWR0aD0iMSIgaGVpZ2h0PSIxIiB4bWxucz0iaHR0cDovL3d3dy53My5vcmcvMjAwMC9zdmciPjwvc3ZnPg==\" class=\"lazyload\" style=\"--smush-placeholder-width: 400px; --smush-placeholder-aspect-ratio: 400\/284;\" \/><span class=\"et_overlay et_pb_inline_icon\" data-icon=\"=\" data-icon-tablet=\"\" data-icon-phone=\"\" data-icon-sticky=\"\"><\/span><\/span><\/a><h2 class=\"et_pb_module_header\"><a href=\"https:\/\/coraliemonpontet.com\/en\/project\/ferme-de-layat\/\" title=\"FERME DE LAYAT, farm in agroecology\">FERME DE LAYAT, farm in agroecology<\/a><\/h2><\/div><\/div><\/div><div class=\"et_pb_portofolio_pagination clearfix\"><\/div><\/div><\/div><\/div><\/div>","protected":false},"excerpt":{"rendered":"","protected":false},"author":1,"featured_media":0,"parent":0,"menu_order":0,"comment_status":"closed","ping_status":"closed","template":"","meta":{"footnotes":""},"class_list":["post-29752","page","type-page","status-publish","hentry"],"jetpack_sharing_enabled":true,"_links":{"self":[{"href":"https:\/\/coraliemonpontet.com\/en\/wp-json\/wp\/v2\/pages\/29752","targetHints":{"allow":["GET"]}}],"collection":[{"href":"https:\/\/coraliemonpontet.com\/en\/wp-json\/wp\/v2\/pages"}],"about":[{"href":"https:\/\/coraliemonpontet.com\/en\/wp-json\/wp\/v2\/types\/page"}],"author":[{"embeddable":true,"href":"https:\/\/coraliemonpontet.com\/en\/wp-json\/wp\/v2\/users\/1"}],"replies":[{"embeddable":true,"href":"https:\/\/coraliemonpontet.com\/en\/wp-json\/wp\/v2\/comments?post=29752"}],"version-history":[{"count":11,"href":"https:\/\/coraliemonpontet.com\/en\/wp-json\/wp\/v2\/pages\/29752\/revisions"}],"predecessor-version":[{"id":30245,"href":"https:\/\/coraliemonpontet.com\/en\/wp-json\/wp\/v2\/pages\/29752\/revisions\/30245"}],"wp:attachment":[{"href":"https:\/\/coraliemonpontet.com\/en\/wp-json\/wp\/v2\/media?parent=29752"}],"curies":[{"name":"wp","href":"https:\/\/api.w.org\/{rel}","templated":true}]}}