{"id":45,"date":"2017-02-16T09:17:12","date_gmt":"2017-02-16T08:17:12","guid":{"rendered":"http:\/\/mxajfmgl.preview.infomaniak.website\/?page_id=45"},"modified":"2026-04-07T15:44:58","modified_gmt":"2026-04-07T21:44:58","slug":"contact","status":"publish","type":"page","link":"https:\/\/coraliemonpontet.com\/en\/contact\/","title":{"rendered":"CONTACT"},"content":{"rendered":"<div class=\"et_pb_section_0 et_pb_section et_section_regular et_block_section\"><div class=\"et_pb_row_0 et_pb_row et_block_row\"><div class=\"et_pb_column_0 et_pb_column et_pb_column_4_4 et-last-child et_block_column et_pb_css_mix_blend_mode_passthrough\"><div class=\"et_pb_text_0 et_pb_text et_pb_bg_layout_light et_pb_module et_block_module\"><div class=\"et_pb_text_inner\"><h2 style=\"text-align: center;\"><\/h2>\n<h2 style=\"text-align: center;\">Contact<\/h2>\n<p style=\"text-align: center;\">You have a question or inquiry, please write to me at<br \/><strong>contact@coraliemonpontet.com<\/strong><\/p>\n<\/div><\/div><div class=\"et_pb_text_1 et_pb_text et_pb_bg_layout_light et_pb_module et_block_module\"><div class=\"et_pb_text_inner\"><h2 style=\"text-align: center;\">Follow me<\/h2>\n<p style=\"text-align: center;\">You can also follow me on Instagram : @coralie__illustrations<\/p>\n<\/div><\/div><\/div><\/div><\/div><div class=\"et_pb_section_1 et_pb_section et_section_regular et_block_section\"><div class=\"et_pb_row_1 et_pb_row et_pb_gutters2 et_block_row\"><div class=\"et_pb_column_1 et_pb_column et_pb_column_1_2 et_block_column et_pb_css_mix_blend_mode_passthrough\"><div class=\"et_pb_image_0 et_pb_image et_pb_module et_block_module\"><span class=\"et_pb_image_wrap\"><img decoding=\"async\" data-src=\"https:\/\/coraliemonpontet.com\/wp-content\/uploads\/2025\/10\/PGH63058-scaled.jpg\" width=\"2560\" height=\"1440\" data-srcset=\"https:\/\/coraliemonpontet.com\/wp-content\/uploads\/2025\/10\/PGH63058-scaled.jpg 2560w, https:\/\/coraliemonpontet.com\/wp-content\/uploads\/2025\/10\/PGH63058-1280x720.jpg 1280w, https:\/\/coraliemonpontet.com\/wp-content\/uploads\/2025\/10\/PGH63058-980x551.jpg 980w, https:\/\/coraliemonpontet.com\/wp-content\/uploads\/2025\/10\/PGH63058-480x270.jpg 480w\" data-sizes=\"(min-width: 0px) and (max-width: 480px) 480px, (min-width: 481px) and (max-width: 980px) 980px, (min-width: 981px) and (max-width: 1280px) 1280px, (min-width: 1281px) 2560px, 100vw\" class=\"wp-image-30149 lazyload\" title=\"PGH63058\" src=\"data:image\/svg+xml;base64,PHN2ZyB3aWR0aD0iMSIgaGVpZ2h0PSIxIiB4bWxucz0iaHR0cDovL3d3dy53My5vcmcvMjAwMC9zdmciPjwvc3ZnPg==\" style=\"--smush-placeholder-width: 2560px; --smush-placeholder-aspect-ratio: 2560\/1440;\" \/><\/span><\/div><\/div><div class=\"et_pb_column_2 et_pb_column et_pb_column_1_2 et-last-child et_block_column et_pb_css_mix_blend_mode_passthrough\"><div class=\"et_pb_text_2 et_pb_text et_pb_bg_layout_light et_pb_module et_block_module\"><div class=\"et_pb_text_inner\"><h2>Hello,<\/h2>\n<h2>je m'appelle Coralie et j'aime r\u00e9aliser des illustrations pour exprimer mon int\u00e9rieur et pour r\u00e9v\u00e9ler vos histoires.<\/h2>\n<p>C'est un peu par magie, que l'illustration est arriv\u00e9e dans ma vie et que je peux maintenant en vivre. Ce n'est pas un m\u00e9tier que j'avais envisager mais c'est arriv\u00e9 naturellement et c'est un plaisir de continuer \u00e0 \u00e9voluer sur ce chemin.<\/p>\n<p>Je puise mon inspiration dans les mythes et l\u00e9gendes du monde, dans ma connexion \u00e0 la nature, \u00e0 l'Univers, dans ma relation au f\u00e9minin sacr\u00e9, \u00e0 la spiritualit\u00e9.<\/p>\n<\/div><\/div><\/div><\/div><\/div>","protected":false},"excerpt":{"rendered":"","protected":false},"author":0,"featured_media":0,"parent":0,"menu_order":0,"comment_status":"closed","ping_status":"closed","template":"","meta":{"footnotes":""},"class_list":["post-45","page","type-page","status-publish","hentry"],"jetpack_sharing_enabled":true,"_links":{"self":[{"href":"https:\/\/coraliemonpontet.com\/en\/wp-json\/wp\/v2\/pages\/45","targetHints":{"allow":["GET"]}}],"collection":[{"href":"https:\/\/coraliemonpontet.com\/en\/wp-json\/wp\/v2\/pages"}],"about":[{"href":"https:\/\/coraliemonpontet.com\/en\/wp-json\/wp\/v2\/types\/page"}],"replies":[{"embeddable":true,"href":"https:\/\/coraliemonpontet.com\/en\/wp-json\/wp\/v2\/comments?post=45"}],"version-history":[{"count":13,"href":"https:\/\/coraliemonpontet.com\/en\/wp-json\/wp\/v2\/pages\/45\/revisions"}],"predecessor-version":[{"id":30239,"href":"https:\/\/coraliemonpontet.com\/en\/wp-json\/wp\/v2\/pages\/45\/revisions\/30239"}],"wp:attachment":[{"href":"https:\/\/coraliemonpontet.com\/en\/wp-json\/wp\/v2\/media?parent=45"}],"curies":[{"name":"wp","href":"https:\/\/api.w.org\/{rel}","templated":true}]}}